{"id":168,"date":"2021-10-12T12:16:41","date_gmt":"2021-10-12T12:16:41","guid":{"rendered":"https:\/\/beta.servisaict.eu\/?page_id=168"},"modified":"2024-07-15T06:45:12","modified_gmt":"2024-07-15T06:45:12","slug":"atsakingo-verslo-politika","status":"publish","type":"page","link":"https:\/\/servisaict.eu\/en\/atsakingo-verslo-politika\/","title":{"rendered":"Our priority is to be a responsible business"},"content":{"rendered":"\n<p>The Acme Grup\u0117 Code of Conduct provides guidelines to help put Acme Grup\u0117 values into practice and to ensure compliance with Acme Grup\u0117 internal rules and the highest standards of business ethics.<\/p>\n\n\n\n<p>This enables us to develop long-term relationships with our customers and partners, to ensure the quality of our products and services, and to promote the best in our people. For more information on the Code of Conduct, please download the attached document.<\/p>\n\n\n\n<p>We strive not only to comply with the minimum legal requirements, our priority is to be a responsible business. By ensuring that all Acme Grup\u0117 companies adhere to the values and general principles of the Acme Grup\u0117, we want to be the first to notice and be informed of possible breaches of the law by our employees in the course of their business activities in Lithuania or abroad.<\/p>\n\n\n\n<p>Please report any such observations to compliance@acme.lt. We assure you that your reports will be promptly and thoroughly investigated.<\/p>\n\n\n\n<p>You can download the Code of Conduct here <a href=\"https:\/\/acmegrupe.lt\/wp-content\/uploads\/2024\/06\/ACG-valdybos-patvirtinitas-Code-of-Conduct-EN.pdf\">https:\/\/acmegrupe.lt\/wp-content\/uploads\/2024\/06\/ACG-valdybos-patvirtinitas-Code-of-Conduct-EN.pdf<\/a><\/p>\n","protected":false},"excerpt":{"rendered":"<p>The Acme Grup\u0117 Code of Conduct provides guidelines to help put Acme Grup\u0117 values into practice and to ensure compliance with Acme Grup\u0117 internal rules and the highest standards of business ethics. This enables us to develop long-term relationships with our customers and partners, to ensure the quality of our products and services, and to [&hellip;]<\/p>\n","protected":false},"author":5,"featured_media":163,"parent":0,"menu_order":0,"comment_status":"closed","ping_status":"closed","template":"page-responsibility.php","meta":{"footnotes":""},"class_list":["post-168","page","type-page","status-publish","has-post-thumbnail","hentry"],"_links":{"self":[{"href":"https:\/\/servisaict.eu\/en\/wp-json\/wp\/v2\/pages\/168","targetHints":{"allow":["GET"]}}],"collection":[{"href":"https:\/\/servisaict.eu\/en\/wp-json\/wp\/v2\/pages"}],"about":[{"href":"https:\/\/servisaict.eu\/en\/wp-json\/wp\/v2\/types\/page"}],"author":[{"embeddable":true,"href":"https:\/\/servisaict.eu\/en\/wp-json\/wp\/v2\/users\/5"}],"replies":[{"embeddable":true,"href":"https:\/\/servisaict.eu\/en\/wp-json\/wp\/v2\/comments?post=168"}],"version-history":[{"count":8,"href":"https:\/\/servisaict.eu\/en\/wp-json\/wp\/v2\/pages\/168\/revisions"}],"predecessor-version":[{"id":382,"href":"https:\/\/servisaict.eu\/en\/wp-json\/wp\/v2\/pages\/168\/revisions\/382"}],"wp:featuredmedia":[{"embeddable":true,"href":"https:\/\/servisaict.eu\/en\/wp-json\/wp\/v2\/media\/163"}],"wp:attachment":[{"href":"https:\/\/servisaict.eu\/en\/wp-json\/wp\/v2\/media?parent=168"}],"curies":[{"name":"wp","href":"https:\/\/api.w.org\/{rel}","templated":true}]}}